{"id":16259,"date":"2024-06-10T14:00:40","date_gmt":"2024-06-10T14:00:40","guid":{"rendered":"https:\/\/www.hpbilisim.com\/hidrometa\/?page_id=16259"},"modified":"2024-12-06T17:40:24","modified_gmt":"2024-12-06T17:40:24","slug":"kcl","status":"publish","type":"page","link":"https:\/\/www.hpbilisim.com\/hidrometa\/markalar\/kcl\/","title":{"rendered":"KCL"},"content":{"rendered":"\t\t<div data-elementor-type=\"wp-page\" data-elementor-id=\"16259\" class=\"elementor elementor-16259\" data-elementor-post-type=\"page\">\n\t\t\t\t<div class=\"wd-negative-gap elementor-element elementor-element-5e65a92 e-flex e-con-boxed e-con e-parent\" data-id=\"5e65a92\" data-element_type=\"container\">\n\t\t\t\t\t<div class=\"e-con-inner\">\n\t\t\t\t<div class=\"elementor-element elementor-element-ce534ae elementor-widget elementor-widget-wd_text_block\" data-id=\"ce534ae\" data-element_type=\"widget\" data-widget_type=\"wd_text_block.default\">\n\t\t\t\t<div class=\"elementor-widget-container\">\n\t\t\t\t\t<div class=\"wd-text-block reset-last-child text-left\">\n\t\t\t\n\t\t\t<h1><strong>KCL Hidrolik<\/strong><\/h1>\n\t\t\t\t\t<\/div>\n\t\t\t\t<\/div>\n\t\t\t\t<\/div>\n\t\t\t\t\t<\/div>\n\t\t\t\t<\/div>\n\t\t\t\t<section class=\"wd-negative-gap elementor-section elementor-top-section elementor-element elementor-element-e9da2b4 wd-section-stretch elementor-section-content-top elementor-section-boxed elementor-section-height-default elementor-section-height-default\" data-id=\"e9da2b4\" data-element_type=\"section\" data-settings=\"{&quot;background_background&quot;:&quot;classic&quot;}\">\n\t\t\t\t\t\t<div class=\"elementor-container elementor-column-gap-default\">\n\t\t\t\t\t<div class=\"elementor-column elementor-col-100 elementor-top-column elementor-element elementor-element-56015e06\" data-id=\"56015e06\" data-element_type=\"column\">\n\t\t\t<div class=\"elementor-widget-wrap elementor-element-populated\">\n\t\t\t\t\t\t<div class=\"elementor-element elementor-element-585f94f9 wd-width-100 elementor-widget elementor-widget-wd_title\" data-id=\"585f94f9\" data-element_type=\"widget\" data-widget_type=\"wd_title.default\">\n\t\t\t\t<div class=\"elementor-widget-container\">\n\t\t\t\t\t<div class=\"title-wrapper set-mb-s reset-last-child wd-title-color-primary wd-title-style-underlined wd-title-size-custom text-left\">\n\n\t\t\t\n\t\t\t<div class=\"liner-continer\">\n\t\t\t\t<h4 class=\"woodmart-title-container title \">FURNITURE CATEGORIES<\/h4> \n\t\t\t\t\t\t\t<\/div>\n\n\t\t\t\t\t<\/div>\n\t\t\t\t<\/div>\n\t\t\t\t<\/div>\n\t\t\t\t<div class=\"elementor-element elementor-element-2c44741a wd-width-100 wd-nav-accordion-mb-on elementor-widget elementor-widget-wd_product_categories\" data-id=\"2c44741a\" data-element_type=\"widget\" data-widget_type=\"wd_product_categories.default\">\n\t\t\t\t<div class=\"elementor-widget-container\">\n\t\t\t\t\t\t\t\t\t\t\t\t\n\t\t\t\t<div class=\"wd-cats products woocommerce columns-4 wd-cats-element wd-carousel-container\" id=\"carousel-6a09c8ac69db3\">\n\t\t\t\t\t<div class=\"wd-carousel-inner\">\n\t\t\t\t\t\t<div class=\"wd-carousel wd-grid\" data-scroll_per_page=\"yes\" style=\"--wd-col-lg:6;--wd-col-md:4;--wd-col-sm:2;--wd-gap-lg:20px;--wd-gap-sm:10px;\">\n\t\t\t\t\t\t\t<div class=\"wd-carousel-wrap\">\n\t\t\t\t\t\t\t\t\t\t\t\t\t\t\t\t\t<div class=\"wd-carousel-item\">\n\t\t\t\t\t\t\t\t\t\t\n<div class=\"category-grid-item cat-design-alt product-category product first\" data-loop=\"1\">\n\t<div class=\"wrapp-category\">\n\t\t<div class=\"category-image-wrapp\">\n\t\t\t<a href=\"https:\/\/www.hpbilisim.com\/hidrometa\/kategori\/hidrolik-urunler\/hidrolik-pompalar\/disli-pompalar\/vivolo\/cift-yonlu-pompalar\/\" class=\"category-image\" aria-label=\"Category image\">\n\t\t\t\t\n\t\t\t\t<img fetchpriority=\"high\" decoding=\"async\" width=\"800\" height=\"800\" src=\"https:\/\/www.hpbilisim.com\/hidrometa\/wp-content\/uploads\/woocommerce-placeholder-1024x1024.png\" class=\"woocommerce-placeholder wp-post-image\" alt=\"Yer tutucu\" \/>\t\t\t<\/a>\n\t\t<\/div>\n\t\t<div class=\"hover-mask\">\n\t\t\t<h3 class=\"wd-entities-title\">\n\t\t\t\t\u00c7ift Y\u00f6nl\u00fc Pompalar <mark class=\"count\">(22)<\/mark>\t\t\t<\/h3>\n\n\t\t\t\t\t\t\t<div class=\"more-products\">\n\t\t\t\t\t<a href=\"https:\/\/www.hpbilisim.com\/hidrometa\/kategori\/hidrolik-urunler\/hidrolik-pompalar\/disli-pompalar\/vivolo\/cift-yonlu-pompalar\/\">\n\t\t\t\t\t22 products\t\t\t\t\t<\/a>\n\t\t\t\t<\/div>\n\t\t\t\n\t\t\t\t\t<\/div>\n\n\t\t\t\t<a href=\"https:\/\/www.hpbilisim.com\/hidrometa\/kategori\/hidrolik-urunler\/hidrolik-pompalar\/disli-pompalar\/vivolo\/cift-yonlu-pompalar\/\" class=\"category-link wd-fill\" aria-label=\"Product category cift-yonlu-pompalar\"><\/a>\n\t\t\t<\/div>\n<\/div>\n\t\t\t\t\t\t\t\t\t<\/div>\n\t\t\t\t\t\t\t\t\t\t\t\t\t\t\t\t\t<div class=\"wd-carousel-item\">\n\t\t\t\t\t\t\t\t\t\t\n<div class=\"category-grid-item cat-design-alt product-category product\" data-loop=\"2\">\n\t<div class=\"wrapp-category\">\n\t\t<div class=\"category-image-wrapp\">\n\t\t\t<a href=\"https:\/\/www.hpbilisim.com\/hidrometa\/kategori\/hidrolik-urunler\/hidrolik-pompalar\/disli-pompalar\/\" class=\"category-image\" aria-label=\"Category image\">\n\t\t\t\t\n\t\t\t\t<img fetchpriority=\"high\" decoding=\"async\" width=\"800\" height=\"800\" src=\"https:\/\/www.hpbilisim.com\/hidrometa\/wp-content\/uploads\/woocommerce-placeholder-1024x1024.png\" class=\"woocommerce-placeholder wp-post-image\" alt=\"Yer tutucu\" \/>\t\t\t<\/a>\n\t\t<\/div>\n\t\t<div class=\"hover-mask\">\n\t\t\t<h3 class=\"wd-entities-title\">\n\t\t\t\tDi\u015fli Pompalar <mark class=\"count\">(47)<\/mark>\t\t\t<\/h3>\n\n\t\t\t\t\t\t\t<div class=\"more-products\">\n\t\t\t\t\t<a href=\"https:\/\/www.hpbilisim.com\/hidrometa\/kategori\/hidrolik-urunler\/hidrolik-pompalar\/disli-pompalar\/\">\n\t\t\t\t\t47 products\t\t\t\t\t<\/a>\n\t\t\t\t<\/div>\n\t\t\t\n\t\t\t\t\t<\/div>\n\n\t\t\t\t<a href=\"https:\/\/www.hpbilisim.com\/hidrometa\/kategori\/hidrolik-urunler\/hidrolik-pompalar\/disli-pompalar\/\" class=\"category-link wd-fill\" aria-label=\"Product category disli-pompalar\"><\/a>\n\t\t\t<\/div>\n<\/div>\n\t\t\t\t\t\t\t\t\t<\/div>\n\t\t\t\t\t\t\t\t\t\t\t\t\t\t\t\t\t<div class=\"wd-carousel-item\">\n\t\t\t\t\t\t\t\t\t\t\n<div class=\"category-grid-item cat-design-alt product-category product\" data-loop=\"3\">\n\t<div class=\"wrapp-category\">\n\t\t<div class=\"category-image-wrapp\">\n\t\t\t<a href=\"https:\/\/www.hpbilisim.com\/hidrometa\/kategori\/hidrolik-urunler\/hidrolik-komponentler\/\" class=\"category-image\" aria-label=\"Category image\">\n\t\t\t\t\n\t\t\t\t<img fetchpriority=\"high\" decoding=\"async\" width=\"800\" height=\"800\" src=\"https:\/\/www.hpbilisim.com\/hidrometa\/wp-content\/uploads\/woocommerce-placeholder-1024x1024.png\" class=\"woocommerce-placeholder wp-post-image\" alt=\"Yer tutucu\" \/>\t\t\t<\/a>\n\t\t<\/div>\n\t\t<div class=\"hover-mask\">\n\t\t\t<h3 class=\"wd-entities-title\">\n\t\t\t\tHidrolik Komponentler <mark class=\"count\">(1)<\/mark>\t\t\t<\/h3>\n\n\t\t\t\t\t\t\t<div class=\"more-products\">\n\t\t\t\t\t<a href=\"https:\/\/www.hpbilisim.com\/hidrometa\/kategori\/hidrolik-urunler\/hidrolik-komponentler\/\">\n\t\t\t\t\t1 product\t\t\t\t\t<\/a>\n\t\t\t\t<\/div>\n\t\t\t\n\t\t\t\t\t<\/div>\n\n\t\t\t\t<a href=\"https:\/\/www.hpbilisim.com\/hidrometa\/kategori\/hidrolik-urunler\/hidrolik-komponentler\/\" class=\"category-link wd-fill\" aria-label=\"Product category hidrolik-komponentler\"><\/a>\n\t\t\t<\/div>\n<\/div>\n\t\t\t\t\t\t\t\t\t<\/div>\n\t\t\t\t\t\t\t\t\t\t\t\t\t\t\t\t\t<div class=\"wd-carousel-item\">\n\t\t\t\t\t\t\t\t\t\t\n<div class=\"category-grid-item cat-design-alt product-category product last\" data-loop=\"4\">\n\t<div class=\"wrapp-category\">\n\t\t<div class=\"category-image-wrapp\">\n\t\t\t<a href=\"https:\/\/www.hpbilisim.com\/hidrometa\/kategori\/hidrolik-urunler\/hidrolik-pompalar\/\" class=\"category-image\" aria-label=\"Category image\">\n\t\t\t\t\n\t\t\t\t<img fetchpriority=\"high\" decoding=\"async\" width=\"800\" height=\"800\" src=\"https:\/\/www.hpbilisim.com\/hidrometa\/wp-content\/uploads\/woocommerce-placeholder-1024x1024.png\" class=\"woocommerce-placeholder wp-post-image\" alt=\"Yer tutucu\" \/>\t\t\t<\/a>\n\t\t<\/div>\n\t\t<div class=\"hover-mask\">\n\t\t\t<h3 class=\"wd-entities-title\">\n\t\t\t\tHidrolik Pompalar <mark class=\"count\">(107)<\/mark>\t\t\t<\/h3>\n\n\t\t\t\t\t\t\t<div class=\"more-products\">\n\t\t\t\t\t<a href=\"https:\/\/www.hpbilisim.com\/hidrometa\/kategori\/hidrolik-urunler\/hidrolik-pompalar\/\">\n\t\t\t\t\t107 products\t\t\t\t\t<\/a>\n\t\t\t\t<\/div>\n\t\t\t\n\t\t\t\t\t<\/div>\n\n\t\t\t\t<a href=\"https:\/\/www.hpbilisim.com\/hidrometa\/kategori\/hidrolik-urunler\/hidrolik-pompalar\/\" class=\"category-link wd-fill\" aria-label=\"Product category hidrolik-pompalar\"><\/a>\n\t\t\t<\/div>\n<\/div>\n\t\t\t\t\t\t\t\t\t<\/div>\n\t\t\t\t\t\t\t\t\t\t\t\t\t\t\t\t\t<div class=\"wd-carousel-item\">\n\t\t\t\t\t\t\t\t\t\t\n<div class=\"category-grid-item cat-design-alt product-category product first\" data-loop=\"5\">\n\t<div class=\"wrapp-category\">\n\t\t<div class=\"category-image-wrapp\">\n\t\t\t<a href=\"https:\/\/www.hpbilisim.com\/hidrometa\/kategori\/hidrolik-urunler\/\" class=\"category-image\" aria-label=\"Category image\">\n\t\t\t\t\n\t\t\t\t<img fetchpriority=\"high\" decoding=\"async\" width=\"800\" height=\"800\" src=\"https:\/\/www.hpbilisim.com\/hidrometa\/wp-content\/uploads\/woocommerce-placeholder-1024x1024.png\" class=\"woocommerce-placeholder wp-post-image\" alt=\"Yer tutucu\" \/>\t\t\t<\/a>\n\t\t<\/div>\n\t\t<div class=\"hover-mask\">\n\t\t\t<h3 class=\"wd-entities-title\">\n\t\t\t\tHidrolik \u00dcr\u00fcnler <mark class=\"count\">(108)<\/mark>\t\t\t<\/h3>\n\n\t\t\t\t\t\t\t<div class=\"more-products\">\n\t\t\t\t\t<a href=\"https:\/\/www.hpbilisim.com\/hidrometa\/kategori\/hidrolik-urunler\/\">\n\t\t\t\t\t108 products\t\t\t\t\t<\/a>\n\t\t\t\t<\/div>\n\t\t\t\n\t\t\t\t\t<\/div>\n\n\t\t\t\t<a href=\"https:\/\/www.hpbilisim.com\/hidrometa\/kategori\/hidrolik-urunler\/\" class=\"category-link wd-fill\" aria-label=\"Product category hidrolik-urunler\"><\/a>\n\t\t\t<\/div>\n<\/div>\n\t\t\t\t\t\t\t\t\t<\/div>\n\t\t\t\t\t\t\t\t\t\t\t\t\t\t\t\t\t<div class=\"wd-carousel-item\">\n\t\t\t\t\t\t\t\t\t\t\n<div class=\"category-grid-item cat-design-alt product-category product\" data-loop=\"6\">\n\t<div class=\"wrapp-category\">\n\t\t<div class=\"category-image-wrapp\">\n\t\t\t<a href=\"https:\/\/www.hpbilisim.com\/hidrometa\/kategori\/hidrolik-urunler\/hidrolik-komponentler\/hidrolik-valfler\/\" class=\"category-image\" aria-label=\"Category image\">\n\t\t\t\t\n\t\t\t\t<img fetchpriority=\"high\" decoding=\"async\" width=\"800\" height=\"800\" src=\"https:\/\/www.hpbilisim.com\/hidrometa\/wp-content\/uploads\/woocommerce-placeholder-1024x1024.png\" class=\"woocommerce-placeholder wp-post-image\" alt=\"Yer tutucu\" \/>\t\t\t<\/a>\n\t\t<\/div>\n\t\t<div class=\"hover-mask\">\n\t\t\t<h3 class=\"wd-entities-title\">\n\t\t\t\tHidrolik Valfler <mark class=\"count\">(1)<\/mark>\t\t\t<\/h3>\n\n\t\t\t\t\t\t\t<div class=\"more-products\">\n\t\t\t\t\t<a href=\"https:\/\/www.hpbilisim.com\/hidrometa\/kategori\/hidrolik-urunler\/hidrolik-komponentler\/hidrolik-valfler\/\">\n\t\t\t\t\t1 product\t\t\t\t\t<\/a>\n\t\t\t\t<\/div>\n\t\t\t\n\t\t\t\t\t<\/div>\n\n\t\t\t\t<a href=\"https:\/\/www.hpbilisim.com\/hidrometa\/kategori\/hidrolik-urunler\/hidrolik-komponentler\/hidrolik-valfler\/\" class=\"category-link wd-fill\" aria-label=\"Product category hidrolik-valfler\"><\/a>\n\t\t\t<\/div>\n<\/div>\n\t\t\t\t\t\t\t\t\t<\/div>\n\t\t\t\t\t\t\t\t\t\t\t\t\t\t\t<\/div>\n\t\t\t\t\t\t<\/div>\n\n\t\t\t\t\t\t\t\t\t\t\t\t\t\t\t<div class=\"wd-nav-arrows wd-pos-sep wd-hover-1 wd-icon-1\">\n\t\t\t<div class=\"wd-btn-arrow wd-prev wd-disabled\">\n\t\t\t\t<div class=\"wd-arrow-inner\"><\/div>\n\t\t\t<\/div>\n\t\t\t<div class=\"wd-btn-arrow wd-next\">\n\t\t\t\t<div class=\"wd-arrow-inner\"><\/div>\n\t\t\t<\/div>\n\t\t<\/div>\n\t\t\t\t\t\t\t\t\t\t\t\t\t<\/div>\n\n\t\t\t\t\t\t\t\t\t\t\t\t\t\t<\/div>\n\t\t\t\t\t\t\t\t\t<\/div>\n\t\t\t\t<\/div>\n\t\t\t\t<div class=\"elementor-element elementor-element-3864ca86 elementor-widget elementor-widget-wd_products_brands\" data-id=\"3864ca86\" data-element_type=\"widget\" data-widget_type=\"wd_products_brands.default\">\n\t\t\t\t<div class=\"elementor-widget-container\">\n\t\t\t\t\t<div class=\"wd-brands brands-widget slider-brands_5762 wd-hover-alt wd-style-default wd-layout-carousel wd-carousel-container\" id=\"brands_5762\">\n\t\t\t\t\t\t\t<div class=\"wd-carousel-inner\">\n\t\t\t\n\t\t\t<div class=\"wd-carousel wd-grid\" data-scroll_per_page=\"yes\" style=\"--wd-col-lg:6;--wd-col-md:4;--wd-col-sm:2;\">\n\t\t\t\t\t\t\t\t\t<div class=\"wd-carousel-wrap\">\n\t\t\t\t\n\t\t\t\t\t\t\t\t\t\t\t\t\t\t\t\n\t\t\t\t\t\t<div class=\"wd-carousel-item\">\n\t\t\t\t\t\t\t<div class=\"wd-brand-item brand-item\">\n\t\t\t\t\t\t\t\t\t\t\t\t\t\t\t\t\t\t\t\t\t\t\t\t\t\t\t<a title=\"KCL\" href=\"https:\/\/www.hpbilisim.com\/hidrometa\/urunler\/?filter_marka=marka-kcl\" class=\"wd-fill\"><\/a>\n\t\t\t\t\t\t\t\t\t\n\t\t\t\t\t\t\t\t\t<img decoding=\"async\" width=\"160\" height=\"70\" src=\"https:\/\/www.hpbilisim.com\/hidrometa\/wp-content\/uploads\/2024\/04\/KCL.png\" class=\"attachment-full size-full\" alt=\"\" srcset=\"https:\/\/www.hpbilisim.com\/hidrometa\/wp-content\/uploads\/2024\/04\/KCL.png 160w, https:\/\/www.hpbilisim.com\/hidrometa\/wp-content\/uploads\/2024\/04\/KCL-150x66.png 150w\" sizes=\"(max-width: 160px) 100vw, 160px\" \/>\t\t\t\t\t\t\t\t\t\t\t\t\t\t\t<\/div>\n\t\t\t\t\t\t<\/div>\n\t\t\t\t\t\t\t\t\t\t\t\n\t\t\t\t\t\t<div class=\"wd-carousel-item\">\n\t\t\t\t\t\t\t<div class=\"wd-brand-item brand-item\">\n\t\t\t\t\t\t\t\t\t\t\t\t\t\t\t\t\t\t\t\t\t\t\t\t\t\t\t<a title=\"HYDRAFORCE\" href=\"https:\/\/www.hpbilisim.com\/hidrometa\/urunler\/?filter_marka=marka-hydraforce\" class=\"wd-fill\"><\/a>\n\t\t\t\t\t\t\t\t\t\n\t\t\t\t\t\t\t\t\t<img decoding=\"async\" width=\"160\" height=\"70\" src=\"https:\/\/www.hpbilisim.com\/hidrometa\/wp-content\/uploads\/2024\/04\/hydraforce.png\" class=\"attachment-full size-full\" alt=\"\" srcset=\"https:\/\/www.hpbilisim.com\/hidrometa\/wp-content\/uploads\/2024\/04\/hydraforce.png 160w, https:\/\/www.hpbilisim.com\/hidrometa\/wp-content\/uploads\/2024\/04\/hydraforce-150x66.png 150w\" sizes=\"(max-width: 160px) 100vw, 160px\" \/>\t\t\t\t\t\t\t\t\t\t\t\t\t\t\t<\/div>\n\t\t\t\t\t\t<\/div>\n\t\t\t\t\t\t\t\t\t\t\t\n\t\t\t\t\t\t<div class=\"wd-carousel-item\">\n\t\t\t\t\t\t\t<div class=\"wd-brand-item brand-item\">\n\t\t\t\t\t\t\t\t\t\t\t\t\t\t\t\t\t\t\t\t\t\t\t\t\t\t\t<a title=\"HMT\" href=\"https:\/\/www.hpbilisim.com\/hidrometa\/urunler\/?filter_marka=marka-hmt\" class=\"wd-fill\"><\/a>\n\t\t\t\t\t\t\t\t\t\n\t\t\t\t\t\t\t\t\t<img loading=\"lazy\" decoding=\"async\" width=\"300\" height=\"138\" src=\"https:\/\/www.hpbilisim.com\/hidrometa\/wp-content\/uploads\/2024\/04\/hidrometa_logo.png\" class=\"attachment-full size-full\" alt=\"\" srcset=\"https:\/\/www.hpbilisim.com\/hidrometa\/wp-content\/uploads\/2024\/04\/hidrometa_logo.png 300w, https:\/\/www.hpbilisim.com\/hidrometa\/wp-content\/uploads\/2024\/04\/hidrometa_logo-150x69.png 150w\" sizes=\"(max-width: 300px) 100vw, 300px\" \/>\t\t\t\t\t\t\t\t\t\t\t\t\t\t\t<\/div>\n\t\t\t\t\t\t<\/div>\n\t\t\t\t\t\t\t\t\t\t\t\n\t\t\t\t\t\t<div class=\"wd-carousel-item\">\n\t\t\t\t\t\t\t<div class=\"wd-brand-item brand-item\">\n\t\t\t\t\t\t\t\t\t\t\t\t\t\t\t\t\t\t\t\t\t\t\t\t\t\t\t<a title=\"HENGL\u0130\" href=\"https:\/\/www.hpbilisim.com\/hidrometa\/urunler\/?filter_marka=marka-hengli\" class=\"wd-fill\"><\/a>\n\t\t\t\t\t\t\t\t\t\n\t\t\t\t\t\t\t\t\t<img loading=\"lazy\" decoding=\"async\" width=\"160\" height=\"70\" src=\"https:\/\/www.hpbilisim.com\/hidrometa\/wp-content\/uploads\/2024\/04\/hengli.png\" class=\"attachment-full size-full\" alt=\"\" srcset=\"https:\/\/www.hpbilisim.com\/hidrometa\/wp-content\/uploads\/2024\/04\/hengli.png 160w, https:\/\/www.hpbilisim.com\/hidrometa\/wp-content\/uploads\/2024\/04\/hengli-150x66.png 150w\" sizes=\"(max-width: 160px) 100vw, 160px\" \/>\t\t\t\t\t\t\t\t\t\t\t\t\t\t\t<\/div>\n\t\t\t\t\t\t<\/div>\n\t\t\t\t\t\t\t\t\t\t\t\n\t\t\t\t\t\t<div class=\"wd-carousel-item\">\n\t\t\t\t\t\t\t<div class=\"wd-brand-item brand-item\">\n\t\t\t\t\t\t\t\t\t\t\t\t\t\t\t\t\t\t\t\t\t\t\t\t\t\t\t<a title=\"DUPLOMAT\u0130C\" href=\"https:\/\/www.hpbilisim.com\/hidrometa\/urunler\/?filter_marka=marka-duplomatic\" class=\"wd-fill\"><\/a>\n\t\t\t\t\t\t\t\t\t\n\t\t\t\t\t\t\t\t\t<img loading=\"lazy\" decoding=\"async\" width=\"160\" height=\"70\" src=\"https:\/\/www.hpbilisim.com\/hidrometa\/wp-content\/uploads\/2024\/04\/Duplomatic.png\" class=\"attachment-full size-full\" alt=\"\" srcset=\"https:\/\/www.hpbilisim.com\/hidrometa\/wp-content\/uploads\/2024\/04\/Duplomatic.png 160w, https:\/\/www.hpbilisim.com\/hidrometa\/wp-content\/uploads\/2024\/04\/Duplomatic-150x66.png 150w\" sizes=\"(max-width: 160px) 100vw, 160px\" \/>\t\t\t\t\t\t\t\t\t\t\t\t\t\t\t<\/div>\n\t\t\t\t\t\t<\/div>\n\t\t\t\t\t\t\t\t\t\t\t\n\t\t\t\t\t\t<div class=\"wd-carousel-item\">\n\t\t\t\t\t\t\t<div class=\"wd-brand-item brand-item\">\n\t\t\t\t\t\t\t\t\t\t\t\t\t\t\t\t\t\t\t\t\t\t\t\t\t\t\t<a title=\"V\u0130VOLO\" href=\"https:\/\/www.hpbilisim.com\/hidrometa\/urunler\/?filter_marka=marka-vivolo\" class=\"wd-fill\"><\/a>\n\t\t\t\t\t\t\t\t\t\n\t\t\t\t\t\t\t\t\t<img loading=\"lazy\" decoding=\"async\" width=\"160\" height=\"70\" src=\"https:\/\/www.hpbilisim.com\/hidrometa\/wp-content\/uploads\/2024\/04\/vivolo.png\" class=\"attachment-full size-full\" alt=\"\" srcset=\"https:\/\/www.hpbilisim.com\/hidrometa\/wp-content\/uploads\/2024\/04\/vivolo.png 160w, https:\/\/www.hpbilisim.com\/hidrometa\/wp-content\/uploads\/2024\/04\/vivolo-150x66.png 150w\" sizes=\"(max-width: 160px) 100vw, 160px\" \/>\t\t\t\t\t\t\t\t\t\t\t\t\t\t\t<\/div>\n\t\t\t\t\t\t<\/div>\n\t\t\t\t\t\t\t\t\t\t\t\n\t\t\t\t\t\t<div class=\"wd-carousel-item\">\n\t\t\t\t\t\t\t<div class=\"wd-brand-item brand-item\">\n\t\t\t\t\t\t\t\t\t\t\t\t\t\t\t\t\t\t\t\t\t\t\t\t\t\t\t<a title=\"M\u0130N\u0130PERSS\" href=\"https:\/\/www.hpbilisim.com\/hidrometa\/urunler\/?filter_marka=marka-minipress\">\n\t\t\t\t\t\t\t\t\t\n\t\t\t\t\t\t\t\t\tM\u0130N\u0130PERSS\n\t\t\t\t\t\t\t\t\t\t\t\t\t\t\t\t\t\t\t<\/a>\n\t\t\t\t\t\t\t\t\t\t\t\t\t\t\t\t\t\t\t\t\t\t\t\t<\/div>\n\t\t\t\t\t\t<\/div>\n\t\t\t\t\t\t\t\t\t\t\t\n\t\t\t\t\t\t<div class=\"wd-carousel-item\">\n\t\t\t\t\t\t\t<div class=\"wd-brand-item brand-item\">\n\t\t\t\t\t\t\t\t\t\t\t\t\t\t\t\t\t\t\t\t\t\t\t\t\t\t\t<a title=\"HYTORC\" href=\"https:\/\/www.hpbilisim.com\/hidrometa\/urunler\/?filter_marka=marka-hytorc\">\n\t\t\t\t\t\t\t\t\t\n\t\t\t\t\t\t\t\t\tHYTORC\n\t\t\t\t\t\t\t\t\t\t\t\t\t\t\t\t\t\t\t<\/a>\n\t\t\t\t\t\t\t\t\t\t\t\t\t\t\t\t\t\t\t\t\t\t\t\t<\/div>\n\t\t\t\t\t\t<\/div>\n\t\t\t\t\t\t\t\t\t\t\t\n\t\t\t\t\t\t<div class=\"wd-carousel-item\">\n\t\t\t\t\t\t\t<div class=\"wd-brand-item brand-item\">\n\t\t\t\t\t\t\t\t\t\t\t\t\t\t\t\t\t\t\t\t\t\t\t\t\t\t\t<a title=\"FOX\" href=\"https:\/\/www.hpbilisim.com\/hidrometa\/urunler\/?filter_marka=marka-fox\">\n\t\t\t\t\t\t\t\t\t\n\t\t\t\t\t\t\t\t\tFOX\n\t\t\t\t\t\t\t\t\t\t\t\t\t\t\t\t\t\t\t<\/a>\n\t\t\t\t\t\t\t\t\t\t\t\t\t\t\t\t\t\t\t\t\t\t\t\t<\/div>\n\t\t\t\t\t\t<\/div>\n\t\t\t\t\t\t\t\t\t\t\t\t\t\t\t\t\t\t<\/div>\n\t\t\t\t\t\t\t<\/div>\n\n\t\t\t\t\t\t\t\t\t\t\t\t\t\t<div class=\"wd-nav-arrows wd-pos-sep wd-hover-1 wd-icon-1\">\n\t\t\t<div class=\"wd-btn-arrow wd-prev wd-disabled\">\n\t\t\t\t<div class=\"wd-arrow-inner\"><\/div>\n\t\t\t<\/div>\n\t\t\t<div class=\"wd-btn-arrow wd-next\">\n\t\t\t\t<div class=\"wd-arrow-inner\"><\/div>\n\t\t\t<\/div>\n\t\t<\/div>\n\t\t\t\t\t\t\n\t\t\t\t<\/div>\n\n\t\t\t\t\t\t\t\t\t\t\t\t\t<\/div>\n\t\t\t\t<\/div>\n\t\t\t\t<\/div>\n\t\t\t\t\t<\/div>\n\t\t<\/div>\n\t\t\t\t\t<\/div>\n\t\t<\/section>\n\t\t\t\t<\/div>\n\t\t","protected":false},"excerpt":{"rendered":"<p>KCL Hidrolik FURNITURE CATEGORIES \u00c7ift Y\u00f6nl\u00fc Pompalar (22) 22 products Di\u015fli Pompalar (47) 47 products Hidrolik Komponentler (1) 1 product<\/p>\n","protected":false},"author":2,"featured_media":0,"parent":16069,"menu_order":0,"comment_status":"closed","ping_status":"closed","template":"elementor_header_footer","meta":{"footnotes":""},"_links":{"self":[{"href":"https:\/\/www.hpbilisim.com\/hidrometa\/wp-json\/wp\/v2\/pages\/16259"}],"collection":[{"href":"https:\/\/www.hpbilisim.com\/hidrometa\/wp-json\/wp\/v2\/pages"}],"about":[{"href":"https:\/\/www.hpbilisim.com\/hidrometa\/wp-json\/wp\/v2\/types\/page"}],"author":[{"embeddable":true,"href":"https:\/\/www.hpbilisim.com\/hidrometa\/wp-json\/wp\/v2\/users\/2"}],"replies":[{"embeddable":true,"href":"https:\/\/www.hpbilisim.com\/hidrometa\/wp-json\/wp\/v2\/comments?post=16259"}],"version-history":[{"count":8,"href":"https:\/\/www.hpbilisim.com\/hidrometa\/wp-json\/wp\/v2\/pages\/16259\/revisions"}],"predecessor-version":[{"id":16703,"href":"https:\/\/www.hpbilisim.com\/hidrometa\/wp-json\/wp\/v2\/pages\/16259\/revisions\/16703"}],"up":[{"embeddable":true,"href":"https:\/\/www.hpbilisim.com\/hidrometa\/wp-json\/wp\/v2\/pages\/16069"}],"wp:attachment":[{"href":"https:\/\/www.hpbilisim.com\/hidrometa\/wp-json\/wp\/v2\/media?parent=16259"}],"curies":[{"name":"wp","href":"https:\/\/api.w.org\/{rel}","templated":true}]}}