{"id":4400,"date":"2021-10-12T15:51:09","date_gmt":"2021-10-12T15:51:09","guid":{"rendered":"http:\/\/dummy.xtemos.com\/woodmart2\/elementor\/?page_id=4400"},"modified":"2024-07-10T14:29:01","modified_gmt":"2024-07-10T14:29:01","slug":"hakkimizda","status":"publish","type":"page","link":"https:\/\/www.hpbilisim.com\/hidrometa\/kurumsal\/hakkimizda\/","title":{"rendered":"Hakk\u0131m\u0131zda"},"content":{"rendered":"\t\t<div data-elementor-type=\"wp-page\" data-elementor-id=\"4400\" class=\"elementor elementor-4400\" data-elementor-post-type=\"page\">\n\t\t\t\t<div class=\"wd-negative-gap elementor-element elementor-element-7c7c544 e-flex e-con-boxed e-con e-parent\" data-id=\"7c7c544\" data-element_type=\"container\">\n\t\t\t\t\t<div class=\"e-con-inner\">\n\t\t<div class=\"elementor-element elementor-element-e7cb5cd e-con-full e-flex e-con e-child\" data-id=\"e7cb5cd\" data-element_type=\"container\">\n\t\t\t\t<div class=\"elementor-element elementor-element-56aec39 elementor-widget elementor-widget-wd_image_or_svg\" data-id=\"56aec39\" data-element_type=\"widget\" data-widget_type=\"wd_image_or_svg.default\">\n\t\t\t\t<div class=\"elementor-widget-container\">\n\t\t\t\n\t\t<div class=\"wd-image text-left\">\n\t\t\t\t\t\t\t\t<img fetchpriority=\"high\" decoding=\"async\" width=\"2048\" height=\"1447\" src=\"https:\/\/www.hpbilisim.com\/hidrometa\/wp-content\/uploads\/2024\/07\/2.jpg\" class=\"attachment-full size-full\" alt=\"\" srcset=\"https:\/\/www.hpbilisim.com\/hidrometa\/wp-content\/uploads\/2024\/07\/2.jpg 2048w, https:\/\/www.hpbilisim.com\/hidrometa\/wp-content\/uploads\/2024\/07\/2-400x283.jpg 400w, https:\/\/www.hpbilisim.com\/hidrometa\/wp-content\/uploads\/2024\/07\/2-1132x800.jpg 1132w, https:\/\/www.hpbilisim.com\/hidrometa\/wp-content\/uploads\/2024\/07\/2-768x543.jpg 768w, https:\/\/www.hpbilisim.com\/hidrometa\/wp-content\/uploads\/2024\/07\/2-1536x1085.jpg 1536w, https:\/\/www.hpbilisim.com\/hidrometa\/wp-content\/uploads\/2024\/07\/2-430x304.jpg 430w, https:\/\/www.hpbilisim.com\/hidrometa\/wp-content\/uploads\/2024\/07\/2-700x495.jpg 700w, https:\/\/www.hpbilisim.com\/hidrometa\/wp-content\/uploads\/2024\/07\/2-150x106.jpg 150w\" sizes=\"(max-width: 2048px) 100vw, 2048px\" \/>\t\t\t\t\t<\/div>\n\n\t\t\t\t<\/div>\n\t\t\t\t<\/div>\n\t\t\t\t<\/div>\n\t\t<div class=\"elementor-element elementor-element-97d6084 e-con-full e-flex e-con e-child\" data-id=\"97d6084\" data-element_type=\"container\">\n\t\t\t\t<div class=\"elementor-element elementor-element-98d830b elementor-widget__width-initial wd-width-100 elementor-widget elementor-widget-wd_title\" data-id=\"98d830b\" data-element_type=\"widget\" data-widget_type=\"wd_title.default\">\n\t\t\t\t<div class=\"elementor-widget-container\">\n\t\t\t\t\t<div class=\"title-wrapper set-mb-s reset-last-child wd-title-color-primary wd-title-style-default wd-title-size-large text-left\">\n\n\t\t\t\n\t\t\t<div class=\"liner-continer\">\n\t\t\t\t<h4 class=\"woodmart-title-container title wd-fontsize-xxl\">Hakk\u0131m\u0131zda<\/h4> \n\t\t\t\t\t\t\t<\/div>\n\n\t\t\t\t\t<\/div>\n\t\t\t\t<\/div>\n\t\t\t\t<\/div>\n\t\t\t\t<div class=\"elementor-element elementor-element-66e47ad elementor-widget elementor-widget-wd_text_block\" data-id=\"66e47ad\" data-element_type=\"widget\" data-widget_type=\"wd_text_block.default\">\n\t\t\t\t<div class=\"elementor-widget-container\">\n\t\t\t\t\t<div class=\"wd-text-block reset-last-child text-left\">\n\t\t\t\n\t\t\t<div style=\"padding: 25px; outline: none 0px; -webkit-font-smoothing: antialiased; text-rendering: optimizelegibility; color: #555555; font-family: Arial, sans-serif; font-size: 12px; font-style: normal; font-variant-ligatures: normal; font-variant-caps: normal; font-weight: 400; white-space-collapse: collapse;\"><h2 class=\"tm-entry-title\" style=\"margin-bottom: 0px; outline: none 0px; -webkit-font-smoothing: antialiased; text-rendering: optimizelegibility; color: #000000; font-family: Arial, sans-serif; font-size: 18px;\">\u00a0<\/h2><h2 class=\"tm-entry-title\" style=\"margin-bottom: 0px; outline: none 0px; -webkit-font-smoothing: antialiased; text-rendering: optimizelegibility; color: #000000; font-family: Arial, sans-serif; font-size: 18px;\"><strong><span style=\"font-size: 12px; color: #555555; text-align: var(--text-align); background-color: var(--wd-main-bgcolor);\">1994 Y\u0131l\u0131ndan gelen\u00a0<\/span><span class=\"s1\" style=\"font-size: 12px; color: #555555; text-align: var(--text-align); background-color: var(--wd-main-bgcolor); outline: none 0px; -webkit-font-smoothing: antialiased; text-rendering: optimizelegibility;\">Hidrolik-Pn\u00f6matik-Otomasyon<\/span><span style=\"font-size: 12px; color: #555555; text-align: var(--text-align); background-color: var(--wd-main-bgcolor);\">\u00a0konusundaki tecr\u00fcbelerimiz, 2003 y\u0131l\u0131nda kurulan \u015firketimizin ana i\u015ftigal konusu olmu\u015ftur.<\/span><\/strong><\/h2><br \/><p class=\"p1\" style=\"margin-bottom: 5px; outline: none 0px; -webkit-font-smoothing: antialiased; text-rendering: optimizelegibility;\"><strong>\u015eirketimizin kurulu\u015fundan itibaren yo\u011fun olarak i\u015fimizin bir par\u00e7as\u0131 olan\u00a0<span class=\"s1\" style=\"outline: none 0px; -webkit-font-smoothing: antialiased; text-rendering: optimizelegibility;\">\u201cMekatronik\u201d<\/span>\u00a0 konusu \u015firketimizin ad\u0131na eklenerek faaliyet konular\u0131m\u0131z b\u00fct\u00fcnl\u00fck kazanm\u0131\u015ft\u0131r.<\/strong><\/p><p class=\"p1\" style=\"margin-bottom: 5px; outline: none 0px; -webkit-font-smoothing: antialiased; text-rendering: optimizelegibility;\"><strong>Hizmet anlay\u0131\u015f\u0131m\u0131z\u0131n temelinde; konumuz ile ilgili teknolojilerdeki yenilik ve geli\u015fmeleri yak\u0131ndan takip ederek, m\u00fc\u015fterilerimizin rekabet g\u00fc\u00e7lerini artt\u0131rmak ve \u00e7\u00f6z\u00fcm orta\u011f\u0131 olabilmek vard\u0131r.<\/strong><\/p><p class=\"p2\" style=\"margin-bottom: 0px; outline: none 0px; -webkit-font-smoothing: antialiased; text-rendering: optimizelegibility;\">\u00a0<\/p><p class=\"p2\" style=\"margin-bottom: 0px; outline: none 0px; -webkit-font-smoothing: antialiased; text-rendering: optimizelegibility;\"><strong>Ekip \u00e7al\u0131\u015fmas\u0131 anlay\u0131\u015f\u0131m\u0131z\u0131 kar\u015f\u0131l\u0131kl\u0131 payla\u015f\u0131mlar ile g\u00fc\u00e7lendirerek konumuz ile ilgili ihtiya\u00e7lar\u0131n\u0131za ve problemlerinize kal\u0131c\u0131 \u00e7\u00f6z\u00fcm sunmak i\u00e7in haz\u0131r\u0131z.<\/strong><\/p><\/div>\n\t\t\t\t\t<\/div>\n\t\t\t\t<\/div>\n\t\t\t\t<\/div>\n\t\t<div class=\"elementor-element elementor-element-3eef7d8 e-con-full e-flex e-con e-child\" data-id=\"3eef7d8\" data-element_type=\"container\">\n\t\t\t\t<div class=\"elementor-element elementor-element-ee232e9 elementor-widget__width-auto elementor-hidden-phone elementor-widget elementor-widget-wd_social_buttons\" data-id=\"ee232e9\" data-element_type=\"widget\" data-widget_type=\"wd_social_buttons.default\">\n\t\t\t\t<div class=\"elementor-widget-container\">\n\t\t\t\n\t\t\t<div class=\" wd-social-icons icons-design-colored-alt icons-size-small color-scheme-dark social-share social-form-circle text-left\">\n\n\t\t\t\t\n\t\t\t\t\t\t\t\t\t<a rel=\"noopener noreferrer nofollow\" href=\"https:\/\/www.facebook.com\/sharer\/sharer.php?u=https:\/\/www.hpbilisim.com\/hidrometa\/kurumsal\/hakkimizda\/\" target=\"_blank\" class=\" wd-social-icon social-facebook\" aria-label=\"Facebook social link\">\n\t\t\t\t\t\t<span class=\"wd-icon\"><\/span>\n\t\t\t\t\t\t\t\t\t\t\t<\/a>\n\t\t\t\t\n\t\t\t\t\t\t\t\t\t<a rel=\"noopener noreferrer nofollow\" href=\"https:\/\/x.com\/share?url=https:\/\/www.hpbilisim.com\/hidrometa\/kurumsal\/hakkimizda\/\" target=\"_blank\" class=\" wd-social-icon social-twitter\" aria-label=\"X social link\">\n\t\t\t\t\t\t<span class=\"wd-icon\"><\/span>\n\t\t\t\t\t\t\t\t\t\t\t<\/a>\n\t\t\t\t\n\t\t\t\t\n\t\t\t\t\n\t\t\t\t\n\t\t\t\t\t\t\t\t\t<a rel=\"noopener noreferrer nofollow\" href=\"https:\/\/pinterest.com\/pin\/create\/button\/?url=https:\/\/www.hpbilisim.com\/hidrometa\/kurumsal\/hakkimizda\/&media=https:\/\/www.hpbilisim.com\/hidrometa\/wp-includes\/images\/media\/default.svg&description=Hakk%C4%B1m%C4%B1zda\" target=\"_blank\" class=\" wd-social-icon social-pinterest\" aria-label=\"Pinterest social link\">\n\t\t\t\t\t\t<span class=\"wd-icon\"><\/span>\n\t\t\t\t\t\t\t\t\t\t\t<\/a>\n\t\t\t\t\n\t\t\t\t\n\t\t\t\t\t\t\t\t\t<a rel=\"noopener noreferrer nofollow\" href=\"https:\/\/www.linkedin.com\/shareArticle?mini=true&url=https:\/\/www.hpbilisim.com\/hidrometa\/kurumsal\/hakkimizda\/\" target=\"_blank\" class=\" wd-social-icon social-linkedin\" aria-label=\"Linkedin social link\">\n\t\t\t\t\t\t<span class=\"wd-icon\"><\/span>\n\t\t\t\t\t\t\t\t\t\t\t<\/a>\n\t\t\t\t\n\t\t\t\t\n\t\t\t\t\n\t\t\t\t\n\t\t\t\t\n\t\t\t\t\n\t\t\t\t\n\t\t\t\t\n\t\t\t\t\n\t\t\t\t\n\t\t\t\t\t\t\t\t\n\t\t\t\t\t\t\t\t\n\t\t\t\t\n\t\t\t\t\n\t\t\t\t\t\t\t\t\t<a rel=\"noopener noreferrer nofollow\" href=\"https:\/\/telegram.me\/share\/url?url=https:\/\/www.hpbilisim.com\/hidrometa\/kurumsal\/hakkimizda\/\" target=\"_blank\" class=\" wd-social-icon social-tg\" aria-label=\"Telegram social link\">\n\t\t\t\t\t\t<span class=\"wd-icon\"><\/span>\n\t\t\t\t\t\t\t\t\t\t\t<\/a>\n\t\t\t\t\t\t\t\t\n\t\t\t\t\n\t\t\t<\/div>\n\n\t\t\t\t<\/div>\n\t\t\t\t<\/div>\n\t\t\t\t<\/div>\n\t\t\t\t<\/div>\n\t\t\t\t\t<\/div>\n\t\t\t\t<\/div>\n\t\t\t\t<\/div>\n\t\t","protected":false},"excerpt":{"rendered":"<p>Hakk\u0131m\u0131zda \u00a0 1994 Y\u0131l\u0131ndan gelen\u00a0Hidrolik-Pn\u00f6matik-Otomasyon\u00a0konusundaki tecr\u00fcbelerimiz, 2003 y\u0131l\u0131nda kurulan \u015firketimizin ana i\u015ftigal konusu olmu\u015ftur. \u015eirketimizin kurulu\u015fundan itibaren yo\u011fun olarak i\u015fimizin<\/p>\n","protected":false},"author":1,"featured_media":0,"parent":16195,"menu_order":0,"comment_status":"closed","ping_status":"closed","template":"","meta":{"footnotes":""},"_links":{"self":[{"href":"https:\/\/www.hpbilisim.com\/hidrometa\/wp-json\/wp\/v2\/pages\/4400"}],"collection":[{"href":"https:\/\/www.hpbilisim.com\/hidrometa\/wp-json\/wp\/v2\/pages"}],"about":[{"href":"https:\/\/www.hpbilisim.com\/hidrometa\/wp-json\/wp\/v2\/types\/page"}],"author":[{"embeddable":true,"href":"https:\/\/www.hpbilisim.com\/hidrometa\/wp-json\/wp\/v2\/users\/1"}],"replies":[{"embeddable":true,"href":"https:\/\/www.hpbilisim.com\/hidrometa\/wp-json\/wp\/v2\/comments?post=4400"}],"version-history":[{"count":5,"href":"https:\/\/www.hpbilisim.com\/hidrometa\/wp-json\/wp\/v2\/pages\/4400\/revisions"}],"predecessor-version":[{"id":16390,"href":"https:\/\/www.hpbilisim.com\/hidrometa\/wp-json\/wp\/v2\/pages\/4400\/revisions\/16390"}],"up":[{"embeddable":true,"href":"https:\/\/www.hpbilisim.com\/hidrometa\/wp-json\/wp\/v2\/pages\/16195"}],"wp:attachment":[{"href":"https:\/\/www.hpbilisim.com\/hidrometa\/wp-json\/wp\/v2\/media?parent=4400"}],"curies":[{"name":"wp","href":"https:\/\/api.w.org\/{rel}","templated":true}]}}